{"id":13640,"date":"2022-05-30T13:43:36","date_gmt":"2022-05-30T13:43:36","guid":{"rendered":"https:\/\/meissner-expo.de\/kasse"},"modified":"2023-08-17T09:57:43","modified_gmt":"2023-08-17T09:57:43","slug":"kasse","status":"publish","type":"page","link":"https:\/\/meissner-expo.de\/en\/kasse","title":{"rendered":"Kasse"},"content":{"rendered":"<div data-elementor-type=\"wp-page\" data-elementor-id=\"13640\" class=\"elementor elementor-13640\" data-elementor-post-type=\"page\">\n\t\t\t\t\t\t<section class=\"elementor-section elementor-top-section elementor-element elementor-element-5c8ec0fc elementor-section-boxed elementor-section-height-default elementor-section-height-default\" data-id=\"5c8ec0fc\" data-element_type=\"section\" data-e-type=\"section\">\n\t\t\t\t\t\t<div class=\"elementor-container elementor-column-gap-default\">\n\t\t\t\t\t<div class=\"elementor-column elementor-col-100 elementor-top-column elementor-element elementor-element-1ae3c689\" data-id=\"1ae3c689\" data-element_type=\"column\" data-e-type=\"column\">\n\t\t\t<div class=\"elementor-widget-wrap elementor-element-populated\">\n\t\t\t\t\t\t<div class=\"elementor-element elementor-element-ecce569 elementor-widget elementor-widget-image\" data-id=\"ecce569\" data-element_type=\"widget\" data-e-type=\"widget\" data-widget_type=\"image.default\">\n\t\t\t\t<div class=\"elementor-widget-container\">\n\t\t\t\t\t\t\t\t\t\t\t\t\t\t\t<img fetchpriority=\"high\" decoding=\"async\" width=\"520\" height=\"313\" src=\"https:\/\/meissner-expo.de\/wp-content\/uploads\/2022\/10\/Kasse_neu_bearbeitet-scaled-e1674063576403-520x313.jpg\" class=\"attachment-medium size-medium wp-image-15712\" alt=\"\" srcset=\"https:\/\/meissner-expo.de\/wp-content\/uploads\/2022\/10\/Kasse_neu_bearbeitet-scaled-e1674063576403-520x313.jpg 520w, https:\/\/meissner-expo.de\/wp-content\/uploads\/2022\/10\/Kasse_neu_bearbeitet-scaled-e1674063576403-1024x616.jpg 1024w, https:\/\/meissner-expo.de\/wp-content\/uploads\/2022\/10\/Kasse_neu_bearbeitet-scaled-e1674063576403-768x462.jpg 768w, https:\/\/meissner-expo.de\/wp-content\/uploads\/2022\/10\/Kasse_neu_bearbeitet-scaled-e1674063576403-18x12.jpg 18w, https:\/\/meissner-expo.de\/wp-content\/uploads\/2022\/10\/Kasse_neu_bearbeitet-scaled-e1674063576403-600x361.jpg 600w, https:\/\/meissner-expo.de\/wp-content\/uploads\/2022\/10\/Kasse_neu_bearbeitet-scaled-e1674063576403.jpg 1030w\" sizes=\"(max-width: 520px) 100vw, 520px\" \/>\t\t\t\t\t\t\t\t\t\t\t\t\t\t\t<\/div>\n\t\t\t\t<\/div>\n\t\t\t\t\t<\/div>\n\t\t<\/div>\n\t\t\t\t\t<\/div>\n\t\t<\/section>\n\t\t\t\t<section class=\"elementor-section elementor-top-section elementor-element elementor-element-eb3b3dc elementor-hidden-mobile elementor-section-boxed elementor-section-height-default elementor-section-height-default\" data-id=\"eb3b3dc\" data-element_type=\"section\" data-e-type=\"section\">\n\t\t\t\t\t\t<div class=\"elementor-container elementor-column-gap-default\">\n\t\t\t\t\t<div class=\"elementor-column elementor-col-100 elementor-top-column elementor-element elementor-element-8fe444d\" data-id=\"8fe444d\" data-element_type=\"column\" data-e-type=\"column\">\n\t\t\t<div class=\"elementor-widget-wrap elementor-element-populated\">\n\t\t\t\t\t\t\t<\/div>\n\t\t<\/div>\n\t\t\t\t\t<\/div>\n\t\t<\/section>\n\t\t\t\t<section class=\"elementor-section elementor-top-section elementor-element elementor-element-ce74742 elementor-hidden-desktop elementor-hidden-tablet elementor-section-boxed elementor-section-height-default elementor-section-height-default\" data-id=\"ce74742\" data-element_type=\"section\" data-e-type=\"section\">\n\t\t\t\t\t\t<div class=\"elementor-container elementor-column-gap-default\">\n\t\t\t\t\t<div class=\"elementor-column elementor-col-100 elementor-top-column elementor-element elementor-element-6d953a7\" data-id=\"6d953a7\" data-element_type=\"column\" data-e-type=\"column\">\n\t\t\t<div class=\"elementor-widget-wrap elementor-element-populated\">\n\t\t\t\t\t\t\t<\/div>\n\t\t<\/div>\n\t\t\t\t\t<\/div>\n\t\t<\/section>\n\t\t\t\t<\/div>","protected":false},"excerpt":{"rendered":"<p>Rechnungsdetails Vorname&nbsp;* Nachname&nbsp;* Firmenname&nbsp;* Land \/ Region&nbsp;*Land\/Region ausw\u00e4hlen\u00a0\u2026DeutschlandSchweiz\u00d6sterreichLand \/ Region aktualisieren Stra\u00dfe&nbsp;* Wohnung, Suite, Geb\u00e4ude usw.&nbsp;(optional) Postleitzahl&nbsp;* Ort \/ Stadt&nbsp;* Bundesland \/ Landkreis&nbsp;(optional)W\u00e4hlen Sie eine Option&hellip;Baden-W\u00fcrttembergBayernBerlinBrandenburgBremenHamburgHessenMecklenburg-VorpommernNiedersachsenNordrhein-WestfalenRheinland-PfalzSaarlandSachsenSachsen-AnhaltSchleswig-HolsteinTh\u00fcringen Telefon&nbsp;(optional) Stand-Nummer&nbsp;* Email Adresse&nbsp;* Zus\u00e4tzliche Infos&nbsp;(optional) AGB und Widerrufsbestimmungen Zahlungsart ausw\u00e4hlen Da Ihr Browser kein JavaScript unterst\u00fctzt oder dieses deaktiviert ist, klicken Sie bitte auf jeden Fall auf den [&hellip;]<\/p>\n","protected":false},"author":1,"featured_media":0,"parent":0,"menu_order":0,"comment_status":"closed","ping_status":"closed","template":"","meta":{"footnotes":""},"class_list":["post-13640","page","type-page","status-publish","czr-hentry"],"_links":{"self":[{"href":"https:\/\/meissner-expo.de\/en\/wp-json\/wp\/v2\/pages\/13640","targetHints":{"allow":["GET"]}}],"collection":[{"href":"https:\/\/meissner-expo.de\/en\/wp-json\/wp\/v2\/pages"}],"about":[{"href":"https:\/\/meissner-expo.de\/en\/wp-json\/wp\/v2\/types\/page"}],"author":[{"embeddable":true,"href":"https:\/\/meissner-expo.de\/en\/wp-json\/wp\/v2\/users\/1"}],"replies":[{"embeddable":true,"href":"https:\/\/meissner-expo.de\/en\/wp-json\/wp\/v2\/comments?post=13640"}],"version-history":[{"count":132,"href":"https:\/\/meissner-expo.de\/en\/wp-json\/wp\/v2\/pages\/13640\/revisions"}],"predecessor-version":[{"id":19665,"href":"https:\/\/meissner-expo.de\/en\/wp-json\/wp\/v2\/pages\/13640\/revisions\/19665"}],"wp:attachment":[{"href":"https:\/\/meissner-expo.de\/en\/wp-json\/wp\/v2\/media?parent=13640"}],"curies":[{"name":"wp","href":"https:\/\/api.w.org\/{rel}","templated":true}]}}