{"id":3164,"date":"2021-05-21T08:21:22","date_gmt":"2021-05-21T08:21:22","guid":{"rendered":"https:\/\/2021.meissner-expo.de\/?page_id=3164"},"modified":"2023-08-07T13:49:57","modified_gmt":"2023-08-07T13:49:57","slug":"meissner-expo-construct","status":"publish","type":"page","link":"https:\/\/meissner-expo.de\/en\/meissner-expo-construct","title":{"rendered":"MEISSNER EXPO CONSTRUCT"},"content":{"rendered":"<div data-elementor-type=\"wp-page\" data-elementor-id=\"3164\" class=\"elementor elementor-3164\" data-elementor-post-type=\"page\">\n\t\t\t\t\t\t<section class=\"elementor-section elementor-top-section elementor-element elementor-element-1f02b6f elementor-section-boxed elementor-section-height-default elementor-section-height-default\" data-id=\"1f02b6f\" data-element_type=\"section\" data-e-type=\"section\">\n\t\t\t\t\t\t<div class=\"elementor-container elementor-column-gap-default\">\n\t\t\t\t\t<div class=\"elementor-column elementor-col-33 elementor-top-column elementor-element elementor-element-f7c4b42\" data-id=\"f7c4b42\" data-element_type=\"column\" data-e-type=\"column\">\n\t\t\t<div class=\"elementor-widget-wrap\">\n\t\t\t\t\t\t\t<\/div>\n\t\t<\/div>\n\t\t\t\t<div class=\"elementor-column elementor-col-33 elementor-top-column elementor-element elementor-element-263f96b\" data-id=\"263f96b\" data-element_type=\"column\" data-e-type=\"column\">\n\t\t\t<div class=\"elementor-widget-wrap elementor-element-populated\">\n\t\t\t\t\t\t<div class=\"elementor-element elementor-element-f8988e2 elementor-widget elementor-widget-image\" data-id=\"f8988e2\" data-element_type=\"widget\" data-e-type=\"widget\" data-widget_type=\"image.default\">\n\t\t\t\t<div class=\"elementor-widget-container\">\n\t\t\t\t\t\t\t\t\t\t\t\t\t\t\t<img fetchpriority=\"high\" decoding=\"async\" width=\"1115\" height=\"68\" src=\"https:\/\/meissner-expo.de\/wp-content\/uploads\/2021\/11\/Logo-Meissner-Expo-Construct_rgb-o.jpg\" class=\"attachment-full size-full wp-image-9409\" alt=\"\" srcset=\"https:\/\/meissner-expo.de\/wp-content\/uploads\/2021\/11\/Logo-Meissner-Expo-Construct_rgb-o.jpg 1115w, https:\/\/meissner-expo.de\/wp-content\/uploads\/2021\/11\/Logo-Meissner-Expo-Construct_rgb-o-600x37.jpg 600w, https:\/\/meissner-expo.de\/wp-content\/uploads\/2021\/11\/Logo-Meissner-Expo-Construct_rgb-o-300x18.jpg 300w, https:\/\/meissner-expo.de\/wp-content\/uploads\/2021\/11\/Logo-Meissner-Expo-Construct_rgb-o-1024x62.jpg 1024w, https:\/\/meissner-expo.de\/wp-content\/uploads\/2021\/11\/Logo-Meissner-Expo-Construct_rgb-o-768x47.jpg 768w, https:\/\/meissner-expo.de\/wp-content\/uploads\/2021\/11\/Logo-Meissner-Expo-Construct_rgb-o-18x1.jpg 18w, https:\/\/meissner-expo.de\/wp-content\/uploads\/2021\/11\/Logo-Meissner-Expo-Construct_rgb-o-1110x68.jpg 1110w\" sizes=\"(max-width: 1115px) 100vw, 1115px\" \/>\t\t\t\t\t\t\t\t\t\t\t\t\t\t\t<\/div>\n\t\t\t\t<\/div>\n\t\t\t\t\t<\/div>\n\t\t<\/div>\n\t\t\t\t<div class=\"elementor-column elementor-col-33 elementor-top-column elementor-element elementor-element-9c3a14c\" data-id=\"9c3a14c\" data-element_type=\"column\" data-e-type=\"column\">\n\t\t\t<div class=\"elementor-widget-wrap\">\n\t\t\t\t\t\t\t<\/div>\n\t\t<\/div>\n\t\t\t\t\t<\/div>\n\t\t<\/section>\n\t\t\t\t<section class=\"elementor-section elementor-top-section elementor-element elementor-element-9cd4099 elementor-section-boxed elementor-section-height-default elementor-section-height-default\" data-id=\"9cd4099\" data-element_type=\"section\" data-e-type=\"section\">\n\t\t\t\t\t\t<div class=\"elementor-container elementor-column-gap-default\">\n\t\t\t\t\t<div class=\"elementor-column elementor-col-100 elementor-top-column elementor-element elementor-element-c79b75a\" data-id=\"c79b75a\" data-element_type=\"column\" data-e-type=\"column\">\n\t\t\t<div class=\"elementor-widget-wrap elementor-element-populated\">\n\t\t\t\t\t\t<div class=\"elementor-element elementor-element-dbc8550 elementor-widget elementor-widget-text-editor\" data-id=\"dbc8550\" data-element_type=\"widget\" data-e-type=\"widget\" data-widget_type=\"text-editor.default\">\n\t\t\t\t<div class=\"elementor-widget-container\">\n\t\t\t\t\t\t\t\t\t<p>Planning + Implementation<br \/>Production + Logistics<br \/>Storage + Full service\u00a0<\/p>\t\t\t\t\t\t\t\t<\/div>\n\t\t\t\t<\/div>\n\t\t\t\t\t<\/div>\n\t\t<\/div>\n\t\t\t\t\t<\/div>\n\t\t<\/section>\n\t\t\t\t<section class=\"elementor-section elementor-top-section elementor-element elementor-element-90e2370 elementor-section-boxed elementor-section-height-default elementor-section-height-default\" data-id=\"90e2370\" data-element_type=\"section\" data-e-type=\"section\">\n\t\t\t\t\t\t<div class=\"elementor-container elementor-column-gap-default\">\n\t\t\t\t\t<div class=\"elementor-column elementor-col-100 elementor-top-column elementor-element elementor-element-eae0df6\" data-id=\"eae0df6\" data-element_type=\"column\" data-e-type=\"column\">\n\t\t\t<div class=\"elementor-widget-wrap elementor-element-populated\">\n\t\t\t\t\t\t<div class=\"elementor-element elementor-element-7eb78ba elementor-widget elementor-widget-image\" data-id=\"7eb78ba\" data-element_type=\"widget\" data-e-type=\"widget\" data-widget_type=\"image.default\">\n\t\t\t\t<div class=\"elementor-widget-container\">\n\t\t\t\t\t\t\t\t\t\t\t\t\t\t\t<img decoding=\"async\" width=\"1024\" height=\"140\" src=\"https:\/\/meissner-expo.de\/wp-content\/uploads\/2021\/03\/strich-e1608150018596-1024x140.png\" class=\"attachment-large size-large wp-image-9\" alt=\"\" srcset=\"\" sizes=\"(max-width: 1024px) 100vw, 1024px\" data-srcset=\"\" \/>\t\t\t\t\t\t\t\t\t\t\t\t\t\t\t<\/div>\n\t\t\t\t<\/div>\n\t\t\t\t\t<\/div>\n\t\t<\/div>\n\t\t\t\t\t<\/div>\n\t\t<\/section>\n\t\t\t\t<section class=\"elementor-section elementor-top-section elementor-element elementor-element-2caf170 elementor-section-boxed elementor-section-height-default elementor-section-height-default\" data-id=\"2caf170\" data-element_type=\"section\" data-e-type=\"section\">\n\t\t\t\t\t\t<div class=\"elementor-container elementor-column-gap-default\">\n\t\t\t\t\t<div class=\"elementor-column elementor-col-50 elementor-top-column elementor-element elementor-element-01f4c74\" data-id=\"01f4c74\" data-element_type=\"column\" data-e-type=\"column\">\n\t\t\t<div class=\"elementor-widget-wrap elementor-element-populated\">\n\t\t\t\t\t\t<div class=\"elementor-element elementor-element-e33a08e elementor-widget elementor-widget-image\" data-id=\"e33a08e\" data-element_type=\"widget\" data-e-type=\"widget\" data-widget_type=\"image.default\">\n\t\t\t\t<div class=\"elementor-widget-container\">\n\t\t\t\t\t\t\t\t\t\t\t\t\t\t\t<img decoding=\"async\" width=\"665\" height=\"805\" src=\"https:\/\/meissner-expo.de\/wp-content\/uploads\/2023\/08\/ME-Construct.jpg\" class=\"attachment-full size-full wp-image-19500\" alt=\"\" srcset=\"https:\/\/meissner-expo.de\/wp-content\/uploads\/2023\/08\/ME-Construct.jpg 665w, https:\/\/meissner-expo.de\/wp-content\/uploads\/2023\/08\/ME-Construct-430x520.jpg 430w, https:\/\/meissner-expo.de\/wp-content\/uploads\/2023\/08\/ME-Construct-10x12.jpg 10w, https:\/\/meissner-expo.de\/wp-content\/uploads\/2023\/08\/ME-Construct-600x726.jpg 600w\" sizes=\"(max-width: 665px) 100vw, 665px\" \/>\t\t\t\t\t\t\t\t\t\t\t\t\t\t\t<\/div>\n\t\t\t\t<\/div>\n\t\t\t\t\t<\/div>\n\t\t<\/div>\n\t\t\t\t<div class=\"elementor-column elementor-col-50 elementor-top-column elementor-element elementor-element-96da0b7\" data-id=\"96da0b7\" data-element_type=\"column\" data-e-type=\"column\">\n\t\t\t<div class=\"elementor-widget-wrap elementor-element-populated\">\n\t\t\t\t\t\t<div class=\"elementor-element elementor-element-d673ef4 elementor-widget elementor-widget-text-editor\" data-id=\"d673ef4\" data-element_type=\"widget\" data-e-type=\"widget\" data-widget_type=\"text-editor.default\">\n\t\t\t\t<div class=\"elementor-widget-container\">\n\t\t\t\t\t\t\t\t\t<p>Your goal: A smooth brand presence<\/p><p>Our approach: Let\u2019s do it!<\/p>\t\t\t\t\t\t\t\t<\/div>\n\t\t\t\t<\/div>\n\t\t\t\t<div class=\"elementor-element elementor-element-1bfe0d8 elementor-widget elementor-widget-text-editor\" data-id=\"1bfe0d8\" data-element_type=\"widget\" data-e-type=\"widget\" data-widget_type=\"text-editor.default\">\n\t\t\t\t<div class=\"elementor-widget-container\">\n\t\t\t\t\t\t\t\t\t<p>Our project managers know their way around. We will take care of the entire organization and all the necessary formalities for your event.<br \/>Our production team of experienced craftsmen, fitters and media technicians ensures high quality and punctual completion of your project, if necessary, together with long-term, competent partners.<\/p><p>Of course, we also plan all logistical details for transport, assembly and dismantling as well as the storage of all components and exhibits.<\/p>\t\t\t\t\t\t\t\t<\/div>\n\t\t\t\t<\/div>\n\t\t\t\t\t<\/div>\n\t\t<\/div>\n\t\t\t\t\t<\/div>\n\t\t<\/section>\n\t\t\t\t<section class=\"elementor-section elementor-top-section elementor-element elementor-element-5424be7 elementor-section-boxed elementor-section-height-default elementor-section-height-default\" data-id=\"5424be7\" data-element_type=\"section\" data-e-type=\"section\">\n\t\t\t\t\t\t<div class=\"elementor-container elementor-column-gap-default\">\n\t\t\t\t\t<div class=\"elementor-column elementor-col-100 elementor-top-column elementor-element elementor-element-b1768c4\" data-id=\"b1768c4\" data-element_type=\"column\" data-e-type=\"column\">\n\t\t\t<div class=\"elementor-widget-wrap elementor-element-populated\">\n\t\t\t\t\t\t<div class=\"elementor-element elementor-element-2f35e59 elementor-widget elementor-widget-spacer\" data-id=\"2f35e59\" data-element_type=\"widget\" data-e-type=\"widget\" data-widget_type=\"spacer.default\">\n\t\t\t\t<div class=\"elementor-widget-container\">\n\t\t\t\t\t\t\t<div class=\"elementor-spacer\">\n\t\t\t<div class=\"elementor-spacer-inner\"><\/div>\n\t\t<\/div>\n\t\t\t\t\t\t<\/div>\n\t\t\t\t<\/div>\n\t\t\t\t\t<\/div>\n\t\t<\/div>\n\t\t\t\t\t<\/div>\n\t\t<\/section>\n\t\t\t\t<\/div>","protected":false},"excerpt":{"rendered":"<p>Planung + UmsetzungProduktion + LogistikLagerung + Full Service\u00a0 Ihr Ziel: Der reibungslose Ablauf Ihres Markenauftritts Unser Ansatz: Wir machen das! Unsere ProjektleiterInnen kennen sich aus. Sie \u00fcbernehmen die gesamte Organisation Ihrer Veranstaltung und erledigen alle notwendigen Formalit\u00e4ten.Unser Produktions-Team aus erfahrenen Handwerkern, Monteuren und Medientechnikern sorgt, ggf. zusammen mit langj\u00e4hrigen, kompetenten Partnern, f\u00fcr eine qualitativ hochwertige [&hellip;]<\/p>\n","protected":false},"author":1,"featured_media":0,"parent":0,"menu_order":0,"comment_status":"closed","ping_status":"closed","template":"elementor_header_footer","meta":{"footnotes":""},"class_list":["post-3164","page","type-page","status-publish","czr-hentry"],"_links":{"self":[{"href":"https:\/\/meissner-expo.de\/en\/wp-json\/wp\/v2\/pages\/3164","targetHints":{"allow":["GET"]}}],"collection":[{"href":"https:\/\/meissner-expo.de\/en\/wp-json\/wp\/v2\/pages"}],"about":[{"href":"https:\/\/meissner-expo.de\/en\/wp-json\/wp\/v2\/types\/page"}],"author":[{"embeddable":true,"href":"https:\/\/meissner-expo.de\/en\/wp-json\/wp\/v2\/users\/1"}],"replies":[{"embeddable":true,"href":"https:\/\/meissner-expo.de\/en\/wp-json\/wp\/v2\/comments?post=3164"}],"version-history":[{"count":201,"href":"https:\/\/meissner-expo.de\/en\/wp-json\/wp\/v2\/pages\/3164\/revisions"}],"predecessor-version":[{"id":19531,"href":"https:\/\/meissner-expo.de\/en\/wp-json\/wp\/v2\/pages\/3164\/revisions\/19531"}],"wp:attachment":[{"href":"https:\/\/meissner-expo.de\/en\/wp-json\/wp\/v2\/media?parent=3164"}],"curies":[{"name":"wp","href":"https:\/\/api.w.org\/{rel}","templated":true}]}}