{"id":3166,"date":"2021-05-21T08:21:57","date_gmt":"2021-05-21T08:21:57","guid":{"rendered":"https:\/\/2021.meissner-expo.de\/?page_id=3166"},"modified":"2023-08-07T13:49:50","modified_gmt":"2023-08-07T13:49:50","slug":"meissner-expo-consult","status":"publish","type":"page","link":"https:\/\/meissner-expo.de\/en\/meissner-expo-consult","title":{"rendered":"MEISSNER EXPO CONSULT"},"content":{"rendered":"<div data-elementor-type=\"wp-page\" data-elementor-id=\"3166\" class=\"elementor elementor-3166\" data-elementor-post-type=\"page\">\n\t\t\t\t\t\t<section class=\"elementor-section elementor-top-section elementor-element elementor-element-2a8070f elementor-section-boxed elementor-section-height-default elementor-section-height-default\" data-id=\"2a8070f\" data-element_type=\"section\" data-e-type=\"section\">\n\t\t\t\t\t\t<div class=\"elementor-container elementor-column-gap-default\">\n\t\t\t\t\t<div class=\"elementor-column elementor-col-33 elementor-top-column elementor-element elementor-element-253acec\" data-id=\"253acec\" data-element_type=\"column\" data-e-type=\"column\">\n\t\t\t<div class=\"elementor-widget-wrap\">\n\t\t\t\t\t\t\t<\/div>\n\t\t<\/div>\n\t\t\t\t<div class=\"elementor-column elementor-col-33 elementor-top-column elementor-element elementor-element-043a6ea\" data-id=\"043a6ea\" data-element_type=\"column\" data-e-type=\"column\">\n\t\t\t<div class=\"elementor-widget-wrap elementor-element-populated\">\n\t\t\t\t\t\t<div class=\"elementor-element elementor-element-91209f3 elementor-widget elementor-widget-image\" data-id=\"91209f3\" data-element_type=\"widget\" data-e-type=\"widget\" data-widget_type=\"image.default\">\n\t\t\t\t<div class=\"elementor-widget-container\">\n\t\t\t\t\t\t\t\t\t\t\t\t\t\t\t<img fetchpriority=\"high\" decoding=\"async\" width=\"996\" height=\"68\" src=\"https:\/\/meissner-expo.de\/wp-content\/uploads\/2021\/11\/Logo-Meissner-Expo-Consult_rgb-o.jpg\" class=\"attachment-large size-large wp-image-9411\" alt=\"\" srcset=\"https:\/\/meissner-expo.de\/wp-content\/uploads\/2021\/11\/Logo-Meissner-Expo-Consult_rgb-o.jpg 996w, https:\/\/meissner-expo.de\/wp-content\/uploads\/2021\/11\/Logo-Meissner-Expo-Consult_rgb-o-600x41.jpg 600w, https:\/\/meissner-expo.de\/wp-content\/uploads\/2021\/11\/Logo-Meissner-Expo-Consult_rgb-o-300x20.jpg 300w, https:\/\/meissner-expo.de\/wp-content\/uploads\/2021\/11\/Logo-Meissner-Expo-Consult_rgb-o-768x52.jpg 768w, https:\/\/meissner-expo.de\/wp-content\/uploads\/2021\/11\/Logo-Meissner-Expo-Consult_rgb-o-18x1.jpg 18w\" sizes=\"(max-width: 996px) 100vw, 996px\" \/>\t\t\t\t\t\t\t\t\t\t\t\t\t\t\t<\/div>\n\t\t\t\t<\/div>\n\t\t\t\t\t<\/div>\n\t\t<\/div>\n\t\t\t\t<div class=\"elementor-column elementor-col-33 elementor-top-column elementor-element elementor-element-417dddc\" data-id=\"417dddc\" data-element_type=\"column\" data-e-type=\"column\">\n\t\t\t<div class=\"elementor-widget-wrap\">\n\t\t\t\t\t\t\t<\/div>\n\t\t<\/div>\n\t\t\t\t\t<\/div>\n\t\t<\/section>\n\t\t\t\t<section class=\"elementor-section elementor-top-section elementor-element elementor-element-2a41833 elementor-section-boxed elementor-section-height-default elementor-section-height-default\" data-id=\"2a41833\" data-element_type=\"section\" data-e-type=\"section\">\n\t\t\t\t\t\t<div class=\"elementor-container elementor-column-gap-default\">\n\t\t\t\t\t<div class=\"elementor-column elementor-col-100 elementor-top-column elementor-element elementor-element-df2bceb\" data-id=\"df2bceb\" data-element_type=\"column\" data-e-type=\"column\">\n\t\t\t<div class=\"elementor-widget-wrap elementor-element-populated\">\n\t\t\t\t\t\t<div class=\"elementor-element elementor-element-c391d86 elementor-widget elementor-widget-text-editor\" data-id=\"c391d86\" data-element_type=\"widget\" data-e-type=\"widget\" data-widget_type=\"text-editor.default\">\n\t\t\t\t<div class=\"elementor-widget-container\">\n\t\t\t\t\t\t\t\t\t<p>Workshops + Training<br \/>Evaluation + Optimization<br \/>Advice + Support<\/p>\t\t\t\t\t\t\t\t<\/div>\n\t\t\t\t<\/div>\n\t\t\t\t\t<\/div>\n\t\t<\/div>\n\t\t\t\t\t<\/div>\n\t\t<\/section>\n\t\t\t\t<section class=\"elementor-section elementor-top-section elementor-element elementor-element-8a2a8ce elementor-section-boxed elementor-section-height-default elementor-section-height-default\" data-id=\"8a2a8ce\" data-element_type=\"section\" data-e-type=\"section\">\n\t\t\t\t\t\t<div class=\"elementor-container elementor-column-gap-default\">\n\t\t\t\t\t<div class=\"elementor-column elementor-col-100 elementor-top-column elementor-element elementor-element-6f96f9e\" data-id=\"6f96f9e\" data-element_type=\"column\" data-e-type=\"column\">\n\t\t\t<div class=\"elementor-widget-wrap elementor-element-populated\">\n\t\t\t\t\t\t<div class=\"elementor-element elementor-element-d8a1c49 elementor-widget elementor-widget-image\" data-id=\"d8a1c49\" data-element_type=\"widget\" data-e-type=\"widget\" data-widget_type=\"image.default\">\n\t\t\t\t<div class=\"elementor-widget-container\">\n\t\t\t\t\t\t\t\t\t\t\t\t\t\t\t<img decoding=\"async\" width=\"1024\" height=\"140\" src=\"https:\/\/meissner-expo.de\/wp-content\/uploads\/2021\/03\/strich-e1608150018596-1024x140.png\" class=\"attachment-large size-large wp-image-9\" alt=\"\" srcset=\"\" sizes=\"(max-width: 1024px) 100vw, 1024px\" data-srcset=\"\" \/>\t\t\t\t\t\t\t\t\t\t\t\t\t\t\t<\/div>\n\t\t\t\t<\/div>\n\t\t\t\t\t<\/div>\n\t\t<\/div>\n\t\t\t\t\t<\/div>\n\t\t<\/section>\n\t\t\t\t<section class=\"elementor-section elementor-top-section elementor-element elementor-element-1c32803 elementor-section-boxed elementor-section-height-default elementor-section-height-default\" data-id=\"1c32803\" data-element_type=\"section\" data-e-type=\"section\">\n\t\t\t\t\t\t<div class=\"elementor-container elementor-column-gap-default\">\n\t\t\t\t\t<div class=\"elementor-column elementor-col-50 elementor-top-column elementor-element elementor-element-aabbb44\" data-id=\"aabbb44\" data-element_type=\"column\" data-e-type=\"column\">\n\t\t\t<div class=\"elementor-widget-wrap elementor-element-populated\">\n\t\t\t\t\t\t<div class=\"elementor-element elementor-element-e2fcc70 elementor-widget elementor-widget-image\" data-id=\"e2fcc70\" data-element_type=\"widget\" data-e-type=\"widget\" data-widget_type=\"image.default\">\n\t\t\t\t<div class=\"elementor-widget-container\">\n\t\t\t\t\t\t\t\t\t\t\t\t\t\t\t<img decoding=\"async\" width=\"573\" height=\"560\" src=\"https:\/\/meissner-expo.de\/wp-content\/uploads\/2023\/08\/ME-Consult.jpg\" class=\"attachment-full size-full wp-image-19501\" alt=\"\" srcset=\"https:\/\/meissner-expo.de\/wp-content\/uploads\/2023\/08\/ME-Consult.jpg 573w, https:\/\/meissner-expo.de\/wp-content\/uploads\/2023\/08\/ME-Consult-520x508.jpg 520w, https:\/\/meissner-expo.de\/wp-content\/uploads\/2023\/08\/ME-Consult-12x12.jpg 12w\" sizes=\"(max-width: 573px) 100vw, 573px\" \/>\t\t\t\t\t\t\t\t\t\t\t\t\t\t\t<\/div>\n\t\t\t\t<\/div>\n\t\t\t\t\t<\/div>\n\t\t<\/div>\n\t\t\t\t<div class=\"elementor-column elementor-col-50 elementor-top-column elementor-element elementor-element-ce994af\" data-id=\"ce994af\" data-element_type=\"column\" data-e-type=\"column\">\n\t\t\t<div class=\"elementor-widget-wrap elementor-element-populated\">\n\t\t\t\t\t\t<div class=\"elementor-element elementor-element-63ec509 elementor-widget elementor-widget-text-editor\" data-id=\"63ec509\" data-element_type=\"widget\" data-e-type=\"widget\" data-widget_type=\"text-editor.default\">\n\t\t\t\t<div class=\"elementor-widget-container\">\n\t\t\t\t\t\t\t\t\t<p>Your goal: a sustainable, competent brand presence<br \/><br \/>Our approach: comprehensive training and coaching<\/p>\t\t\t\t\t\t\t\t<\/div>\n\t\t\t\t<\/div>\n\t\t\t\t<div class=\"elementor-element elementor-element-52b70f7 elementor-widget elementor-widget-text-editor\" data-id=\"52b70f7\" data-element_type=\"widget\" data-e-type=\"widget\" data-widget_type=\"text-editor.default\">\n\t\t\t\t<div class=\"elementor-widget-container\">\n\t\t\t\t\t\t\t\t\t<p>An event doesn't just last a few days. Well thought-out accompanying measures before, during and after the event are decisive for the success of any presentation. We offer workshops and tools to help you achieve your goals:<\/p><ul><li style=\"list-style-type: none;\"><ul><li style=\"list-style-type: none;\"><ul><li style=\"list-style-type: disc;\">Concept workshops for marketing and sales staff<\/li><li style=\"list-style-type: disc;\">Stand staff training to limber up get your sales team<\/li><li style=\"list-style-type: disc;\">Lead management training and lead management tools for analyzing and processing potential interests<\/li><li style=\"list-style-type: disc;\">CEO and manager coaching<\/li><\/ul><\/li><\/ul><\/li><\/ul>\t\t\t\t\t\t\t\t<\/div>\n\t\t\t\t<\/div>\n\t\t\t\t\t<\/div>\n\t\t<\/div>\n\t\t\t\t\t<\/div>\n\t\t<\/section>\n\t\t\t\t<section class=\"elementor-section elementor-top-section elementor-element elementor-element-b1cf84c elementor-section-boxed elementor-section-height-default elementor-section-height-default\" data-id=\"b1cf84c\" data-element_type=\"section\" data-e-type=\"section\">\n\t\t\t\t\t\t<div class=\"elementor-container elementor-column-gap-default\">\n\t\t\t\t\t<div class=\"elementor-column elementor-col-100 elementor-top-column elementor-element elementor-element-d15e735\" data-id=\"d15e735\" data-element_type=\"column\" data-e-type=\"column\">\n\t\t\t<div class=\"elementor-widget-wrap elementor-element-populated\">\n\t\t\t\t\t\t<div class=\"elementor-element elementor-element-a3493b8 elementor-widget elementor-widget-spacer\" data-id=\"a3493b8\" data-element_type=\"widget\" data-e-type=\"widget\" data-widget_type=\"spacer.default\">\n\t\t\t\t<div class=\"elementor-widget-container\">\n\t\t\t\t\t\t\t<div class=\"elementor-spacer\">\n\t\t\t<div class=\"elementor-spacer-inner\"><\/div>\n\t\t<\/div>\n\t\t\t\t\t\t<\/div>\n\t\t\t\t<\/div>\n\t\t\t\t\t<\/div>\n\t\t<\/div>\n\t\t\t\t\t<\/div>\n\t\t<\/section>\n\t\t\t\t<\/div>","protected":false},"excerpt":{"rendered":"<p>Workshops + TrainingEvaluierung + OptimierungBeratung + Begleitung Ihr Ziel: Ein nachhaltig wirkender, kompetenter Markenauftritt Unser Ansatz: \u00dcbergreifendes Training und Coaching Eine Veranstaltung dauert nicht nur ein paar Tage. Entscheidend f\u00fcr den Erfolg von jeglichen Events sind durchdachte begleitende Ma\u00dfnahmen vor, w\u00e4hrend und nach der Veranstaltung. Wir bieten Ihnen Workshops und Tools, damit Sie Ihre Ziele [&hellip;]<\/p>\n","protected":false},"author":1,"featured_media":0,"parent":0,"menu_order":0,"comment_status":"closed","ping_status":"closed","template":"elementor_header_footer","meta":{"footnotes":""},"class_list":["post-3166","page","type-page","status-publish","czr-hentry"],"_links":{"self":[{"href":"https:\/\/meissner-expo.de\/en\/wp-json\/wp\/v2\/pages\/3166","targetHints":{"allow":["GET"]}}],"collection":[{"href":"https:\/\/meissner-expo.de\/en\/wp-json\/wp\/v2\/pages"}],"about":[{"href":"https:\/\/meissner-expo.de\/en\/wp-json\/wp\/v2\/types\/page"}],"author":[{"embeddable":true,"href":"https:\/\/meissner-expo.de\/en\/wp-json\/wp\/v2\/users\/1"}],"replies":[{"embeddable":true,"href":"https:\/\/meissner-expo.de\/en\/wp-json\/wp\/v2\/comments?post=3166"}],"version-history":[{"count":141,"href":"https:\/\/meissner-expo.de\/en\/wp-json\/wp\/v2\/pages\/3166\/revisions"}],"predecessor-version":[{"id":19528,"href":"https:\/\/meissner-expo.de\/en\/wp-json\/wp\/v2\/pages\/3166\/revisions\/19528"}],"wp:attachment":[{"href":"https:\/\/meissner-expo.de\/en\/wp-json\/wp\/v2\/media?parent=3166"}],"curies":[{"name":"wp","href":"https:\/\/api.w.org\/{rel}","templated":true}]}}