{"id":6876,"date":"2021-06-14T07:59:37","date_gmt":"2021-06-14T07:59:37","guid":{"rendered":"https:\/\/2021.meissner-expo.de\/?page_id=6876"},"modified":"2022-08-03T13:59:52","modified_gmt":"2022-08-03T13:59:52","slug":"elementor-6876","status":"publish","type":"page","link":"https:\/\/meissner-expo.de\/en\/elementor-6876","title":{"rendered":"FAMAB quality code,"},"content":{"rendered":"<div data-elementor-type=\"wp-page\" data-elementor-id=\"6876\" class=\"elementor elementor-6876\" data-elementor-post-type=\"page\">\n\t\t\t\t\t\t<section class=\"elementor-section elementor-top-section elementor-element elementor-element-d7561fc elementor-section-boxed elementor-section-height-default elementor-section-height-default\" data-id=\"d7561fc\" data-element_type=\"section\" data-e-type=\"section\">\n\t\t\t\t\t\t<div class=\"elementor-container elementor-column-gap-default\">\n\t\t\t\t\t<div class=\"elementor-column elementor-col-100 elementor-top-column elementor-element elementor-element-61e1d02\" data-id=\"61e1d02\" data-element_type=\"column\" data-e-type=\"column\">\n\t\t\t<div class=\"elementor-widget-wrap elementor-element-populated\">\n\t\t\t\t\t\t<div class=\"elementor-element elementor-element-bb0cf41 elementor-widget elementor-widget-heading\" data-id=\"bb0cf41\" data-element_type=\"widget\" data-e-type=\"widget\" data-widget_type=\"heading.default\">\n\t\t\t\t<div class=\"elementor-widget-container\">\n\t\t\t\t\t<h2 class=\"elementor-heading-title elementor-size-default\">FAMAB quality code, <\/h2>\t\t\t\t<\/div>\n\t\t\t\t<\/div>\n\t\t\t\t\t<\/div>\n\t\t<\/div>\n\t\t\t\t\t<\/div>\n\t\t<\/section>\n\t\t\t\t<section class=\"elementor-section elementor-top-section elementor-element elementor-element-2b0f5b0 elementor-section-boxed elementor-section-height-default elementor-section-height-default\" data-id=\"2b0f5b0\" data-element_type=\"section\" data-e-type=\"section\">\n\t\t\t\t\t\t<div class=\"elementor-container elementor-column-gap-default\">\n\t\t\t\t\t<div class=\"elementor-column elementor-col-100 elementor-top-column elementor-element elementor-element-819cf2d\" data-id=\"819cf2d\" data-element_type=\"column\" data-e-type=\"column\">\n\t\t\t<div class=\"elementor-widget-wrap elementor-element-populated\">\n\t\t\t\t\t\t<div class=\"elementor-element elementor-element-5b46e7e elementor-widget elementor-widget-heading\" data-id=\"5b46e7e\" data-element_type=\"widget\" data-e-type=\"widget\" data-widget_type=\"heading.default\">\n\t\t\t\t<div class=\"elementor-widget-container\">\n\t\t\t\t\t<h2 class=\"elementor-heading-title elementor-size-default\">The foundation for transparency and trust <\/h2>\t\t\t\t<\/div>\n\t\t\t\t<\/div>\n\t\t\t\t\t<\/div>\n\t\t<\/div>\n\t\t\t\t\t<\/div>\n\t\t<\/section>\n\t\t\t\t<section class=\"elementor-section elementor-top-section elementor-element elementor-element-d5b37e5 elementor-section-boxed elementor-section-height-default elementor-section-height-default\" data-id=\"d5b37e5\" data-element_type=\"section\" data-e-type=\"section\">\n\t\t\t\t\t\t<div class=\"elementor-container elementor-column-gap-default\">\n\t\t\t\t\t<div class=\"elementor-column elementor-col-100 elementor-top-column elementor-element elementor-element-eeb964a\" data-id=\"eeb964a\" data-element_type=\"column\" data-e-type=\"column\">\n\t\t\t<div class=\"elementor-widget-wrap elementor-element-populated\">\n\t\t\t\t\t\t<div class=\"elementor-element elementor-element-8609d17 elementor-widget elementor-widget-text-editor\" data-id=\"8609d17\" data-element_type=\"widget\" data-e-type=\"widget\" data-widget_type=\"text-editor.default\">\n\t\t\t\t<div class=\"elementor-widget-container\">\n\t\t\t\t\t\t\t\t\t<p>By signing, members commit themselves to the following principles:<\/p><ul><li style=\"list-style-type: none;\"><ul><li style=\"list-style-type: none;\"><ul><li style=\"list-style-type: disc;\"><strong>to ensure ethical and commercial principles<\/strong><br \/>We are against profiteering and corrupt practices of any kind.<br \/>We are strongly committed to fair competition and maintain a binding and correct relationship with customers, colleagues, subcontractors, competitors, etc.<br \/>We are committed to employing qualified personnel and observe the rules for safety. We are committed to professional competence, adherence to deadlines and reliability.<\/li><\/ul><\/li><\/ul><\/li><\/ul><ul><li style=\"list-style-type: none;\"><ul><li style=\"list-style-type: none;\"><ul><li style=\"list-style-type: disc;\"><strong>on legality<\/strong><br \/>Compliance with all legal and social framework conditions, in particular with regard to contractual compliance, labour, insurance and tax law and all industry-specific regulations.<\/li><\/ul><\/li><\/ul><\/li><\/ul><ul><li style=\"list-style-type: none;\"><ul><li style=\"list-style-type: none;\"><ul><li style=\"list-style-type: disc;\"><strong>on sustainability<\/strong><br \/>According to ecological, economic and social responsibility.<\/li><\/ul><\/li><\/ul><\/li><\/ul><p>Die vollst\u00e4ndige Erkl\u00e4rung des FAMAB zum Qualit\u00e4tskodex lesen Sie\u00a0hier.<\/p>\t\t\t\t\t\t\t\t<\/div>\n\t\t\t\t<\/div>\n\t\t\t\t\t<\/div>\n\t\t<\/div>\n\t\t\t\t\t<\/div>\n\t\t<\/section>\n\t\t\t\t<section class=\"elementor-section elementor-top-section elementor-element elementor-element-d9ce81a elementor-section-boxed elementor-section-height-default elementor-section-height-default\" data-id=\"d9ce81a\" data-element_type=\"section\" data-e-type=\"section\">\n\t\t\t\t\t\t<div class=\"elementor-container elementor-column-gap-default\">\n\t\t\t\t\t<div class=\"elementor-column elementor-col-100 elementor-top-column elementor-element elementor-element-3426b2b\" data-id=\"3426b2b\" data-element_type=\"column\" data-e-type=\"column\">\n\t\t\t<div class=\"elementor-widget-wrap elementor-element-populated\">\n\t\t\t\t\t\t<div class=\"elementor-element elementor-element-e7df1e1 elementor-widget elementor-widget-spacer\" data-id=\"e7df1e1\" data-element_type=\"widget\" data-e-type=\"widget\" data-widget_type=\"spacer.default\">\n\t\t\t\t<div class=\"elementor-widget-container\">\n\t\t\t\t\t\t\t<div class=\"elementor-spacer\">\n\t\t\t<div class=\"elementor-spacer-inner\"><\/div>\n\t\t<\/div>\n\t\t\t\t\t\t<\/div>\n\t\t\t\t<\/div>\n\t\t\t\t\t<\/div>\n\t\t<\/div>\n\t\t\t\t\t<\/div>\n\t\t<\/section>\n\t\t\t\t<\/div>","protected":false},"excerpt":{"rendered":"<p>FAMAB Qualit\u00e4tskodex Die Grundlage f\u00fcr Transparenz und Vertrauen Durch die Unterzeichnung verpflichten sich die Mitglieder zur Einhaltung folgender Grunds\u00e4tze: zur Wahrung ethischer und kaufm\u00e4nnischer Grunds\u00e4tzeWir sind gegen Vorteilsnahmen sowie Korruptionspraktiken in jedweder Form.Wir setzen uns nachdr\u00fccklich f\u00fcr fairen Wettbewerb ein und pflegen mit Kunden, Kollegen, Subunternehmen, Wettbewerbern u.a. einen verbindlichen, korrekten Umgang.Wir verpflichten uns zum [&hellip;]<\/p>\n","protected":false},"author":1,"featured_media":0,"parent":0,"menu_order":0,"comment_status":"closed","ping_status":"closed","template":"elementor_header_footer","meta":{"footnotes":""},"class_list":["post-6876","page","type-page","status-publish","czr-hentry"],"_links":{"self":[{"href":"https:\/\/meissner-expo.de\/en\/wp-json\/wp\/v2\/pages\/6876","targetHints":{"allow":["GET"]}}],"collection":[{"href":"https:\/\/meissner-expo.de\/en\/wp-json\/wp\/v2\/pages"}],"about":[{"href":"https:\/\/meissner-expo.de\/en\/wp-json\/wp\/v2\/types\/page"}],"author":[{"embeddable":true,"href":"https:\/\/meissner-expo.de\/en\/wp-json\/wp\/v2\/users\/1"}],"replies":[{"embeddable":true,"href":"https:\/\/meissner-expo.de\/en\/wp-json\/wp\/v2\/comments?post=6876"}],"version-history":[{"count":56,"href":"https:\/\/meissner-expo.de\/en\/wp-json\/wp\/v2\/pages\/6876\/revisions"}],"predecessor-version":[{"id":14820,"href":"https:\/\/meissner-expo.de\/en\/wp-json\/wp\/v2\/pages\/6876\/revisions\/14820"}],"wp:attachment":[{"href":"https:\/\/meissner-expo.de\/en\/wp-json\/wp\/v2\/media?parent=6876"}],"curies":[{"name":"wp","href":"https:\/\/api.w.org\/{rel}","templated":true}]}}